{"id":160,"date":"2015-11-02T15:25:24","date_gmt":"2015-11-02T14:25:24","guid":{"rendered":"http:\/\/musikverein-gomaringen.de\/home\/?page_id=160"},"modified":"2026-01-11T21:37:30","modified_gmt":"2026-01-11T20:37:30","slug":"allgemein","status":"publish","type":"page","link":"https:\/\/musikverein-gomaringen.de\/home\/allgemein\/","title":{"rendered":"Allgemein"},"content":{"rendered":"<div class=\"wpb-content-wrapper\">[vc_row full_width=&#8221;stretch_row_content&#8221;][vc_column width=&#8221;1\/4&#8243;]\n[\/vc_column][vc_column width=&#8221;1\/2&#8243;][vc_column_text]\n<p style=\"text-align: justify;\">Der Musikverein Gomaringen unterh\u00e4lt derzeit (01\/2025) zwei Orchester:<\/p>\n<ul style=\"text-align: justify;\">\n<li>die <strong>Pop und Swing Concert Band Gomaringen<\/strong><\/li>\n<li><strong>holzFrei<\/strong> &#8211; Die Blechbl\u00e4ser<\/li>\n<\/ul>\n<p style=\"text-align: justify;\">In der Regel veranstaltet der Musikverein Gomaringen ungef\u00e4hr f\u00fcnf Veranstaltungen im Jahr, stets mit dem Ziel hierbei die Bl\u00e4sermusik in den Mittelpunkt der jeweiligen Veranstaltung zu stellen.<\/p>\n<p style=\"text-align: justify;\">Hierbei wird darauf geachtet, dass sich die einzelnen Veranstaltungen jeweils durch einen eigenen Charakter auszeichnen.<\/p>\n<p style=\"text-align: justify;\">Um diese Ziele zu erreichen ist der Verein offen f\u00fcr Musik-Projekte aller Art. Insbesondere das Konzert 20xx der Pop und Swing Concert Band zeichnet sich durch den Charakter einer Unterhaltungsshow aus, mit dem musikalischen Schwerpunkt im Bereich der anspruchsvollen Unterhaltungsmusik.<\/p>\n<p style=\"text-align: justify;\">Gesang und Blasmusik aus dem Bereich Pop, Rock und Jazz bilden das Standart-Programm des Vereins, insbesondere der Pop und Swing Concert Band Gomaringen.<\/p>\n<p>Seit 2025 gibt es die Gruppe holzfrei &#8211; Die Blechbl\u00e4ser. Sie bringen bodenst\u00e4ndige Blasmusik, unterhaltsam und authentisch auf die B\u00fchne.<\/p>\n<p style=\"text-align: justify;\">Wir w\u00fcrden uns freuen, Sie auf einer unserer n\u00e4chsten Veranstaltungen begr\u00fc\u00dfen zu d\u00fcrfen..<\/p>\n[\/vc_column_text][\/vc_column][vc_column width=&#8221;1\/4&#8243;]\n[\/vc_column][\/vc_row]\n<\/div>","protected":false},"excerpt":{"rendered":"<p>[vc_row full_width=&#8221;stretch_row_content&#8221;][vc_column width=&#8221;1\/4&#8243;] [\/vc_column][vc_column width=&#8221;1\/2&#8243;][vc_column_text] Der Musikverein Gomaringen unterh\u00e4lt derzeit (01\/2025) zwei Orchester: die Pop und Swing Concert Band Gomaringen holzFrei &#8211; Die Blechbl\u00e4ser In der Regel veranstaltet der Musikverein Gomaringen ungef\u00e4hr f\u00fcnf Veranstaltungen im Jahr, stets mit dem Ziel hierbei die Bl\u00e4sermusik in den Mittelpunkt der jeweiligen Veranstaltung zu[&#8230;]<\/p>\n","protected":false},"author":1,"featured_media":0,"parent":0,"menu_order":0,"comment_status":"closed","ping_status":"closed","template":"","meta":{"footnotes":""},"class_list":["post-160","page","type-page","status-publish","hentry"],"_links":{"self":[{"href":"https:\/\/musikverein-gomaringen.de\/home\/wp-json\/wp\/v2\/pages\/160","targetHints":{"allow":["GET"]}}],"collection":[{"href":"https:\/\/musikverein-gomaringen.de\/home\/wp-json\/wp\/v2\/pages"}],"about":[{"href":"https:\/\/musikverein-gomaringen.de\/home\/wp-json\/wp\/v2\/types\/page"}],"author":[{"embeddable":true,"href":"https:\/\/musikverein-gomaringen.de\/home\/wp-json\/wp\/v2\/users\/1"}],"replies":[{"embeddable":true,"href":"https:\/\/musikverein-gomaringen.de\/home\/wp-json\/wp\/v2\/comments?post=160"}],"version-history":[{"count":10,"href":"https:\/\/musikverein-gomaringen.de\/home\/wp-json\/wp\/v2\/pages\/160\/revisions"}],"predecessor-version":[{"id":1511,"href":"https:\/\/musikverein-gomaringen.de\/home\/wp-json\/wp\/v2\/pages\/160\/revisions\/1511"}],"wp:attachment":[{"href":"https:\/\/musikverein-gomaringen.de\/home\/wp-json\/wp\/v2\/media?parent=160"}],"curies":[{"name":"wp","href":"https:\/\/api.w.org\/{rel}","templated":true}]}}