{"id":158,"date":"2015-11-02T15:25:12","date_gmt":"2015-11-02T14:25:12","guid":{"rendered":"http:\/\/musikverein-gomaringen.de\/home\/?page_id=158"},"modified":"2026-03-29T14:32:52","modified_gmt":"2026-03-29T12:32:52","slug":"gesamtvorstand","status":"publish","type":"page","link":"https:\/\/musikverein-gomaringen.de\/home\/gesamtvorstand\/","title":{"rendered":"Gesamtvorstand"},"content":{"rendered":"<div class=\"wpb-content-wrapper\">[vc_row full_width=&#8221;stretch_row_content&#8221;][vc_column][vc_column_text]\n<h2 style=\"text-align: center;\">Vorstand<\/h2>\n[\/vc_column_text][\/vc_column][\/vc_row][vc_row full_width=&#8221;stretch_row_content&#8221;][vc_column width=&#8221;1\/2&#8243; offset=&#8221;vc_col-xs-6&#8243;][vc_column_text]\n<p style=\"text-align: right;\">1. Vorsitzender:<\/p>\n<p style=\"text-align: right;\">2. Vorsitzender:<\/p>\n<p style=\"text-align: right;\">1. Kassierer:<\/p>\n<p style=\"text-align: right;\">Schriftf\u00fchrer:<\/p>\n[\/vc_column_text][\/vc_column][vc_column width=&#8221;1\/2&#8243; offset=&#8221;vc_col-xs-6&#8243;][vc_column_text]\n<p style=\"text-align: left;\"><strong>Bernd F\u00f6ll<\/strong><\/p>\n<p style=\"text-align: left;\"><b>Charlotte Fisch<\/b><\/p>\n<p style=\"text-align: left;\"><b>Uwe F\u00f6ll<\/b><\/p>\n<p style=\"text-align: left;\"><b>Thomas G\u00fcttler<\/b><\/p>\n[\/vc_column_text][\/vc_column][\/vc_row][vc_row full_width=&#8221;stretch_row_content&#8221;][vc_column][vc_empty_space height=&#8221;20px&#8221;][vc_column_text]\n<h2 style=\"text-align: center;\">Beisitzer<\/h2>\n[\/vc_column_text][\/vc_column][\/vc_row][vc_row full_width=&#8221;stretch_row_content&#8221;][vc_column width=&#8221;1\/2&#8243; offset=&#8221;vc_col-xs-6&#8243;][vc_column_text]\n<p style=\"text-align: right;\">Aktiv:<\/p>\n<p>&nbsp;<\/p>\n<p>&nbsp;<\/p>\n<p>&nbsp;<\/p>\n<p style=\"text-align: right;\">F\u00f6rdernd:<\/p>\n[\/vc_column_text][\/vc_column][vc_column width=&#8221;1\/2&#8243; offset=&#8221;vc_col-xs-6&#8243;][vc_column_text css=&#8221;&#8221;]\n<p style=\"text-align: left;\"><b>Wolfgang Veit<\/b><\/p>\n<p><strong>Jochen F\u00f6ll<\/strong><\/p>\n<p><strong>Manuel Walker<\/strong><\/p>\n<p>&nbsp;<\/p>\n<p style=\"text-align: left;\"><strong>Gerd Seibold<\/strong><\/p>\n<p style=\"text-align: left;\"><strong>Leonie Beller<\/strong><\/p>\n[\/vc_column_text][\/vc_column][\/vc_row][vc_row full_width=&#8221;stretch_row_content&#8221;][vc_column][vc_empty_space height=&#8221;20px&#8221;][vc_column_text]\n<h2 style=\"text-align: center;\">Jugendleitung<\/h2>\n[\/vc_column_text][\/vc_column][\/vc_row][vc_row full_width=&#8221;stretch_row_content&#8221;][vc_column width=&#8221;1\/2&#8243; offset=&#8221;vc_col-xs-6&#8243;][vc_column_text]\n<p style=\"text-align: right;\">1. Jugendleiter:<\/p>\n<p style=\"text-align: right;\">2. Jugendleiter:<\/p>\n[\/vc_column_text][\/vc_column][vc_column width=&#8221;1\/2&#8243; offset=&#8221;vc_col-xs-6&#8243;][vc_column_text]\n<p style=\"text-align: left;\"><b>Nicht Besetzt<\/b><\/p>\n<p style=\"text-align: left;\"><b>Nicht Besetzt<\/b><\/p>\n[\/vc_column_text][\/vc_column][\/vc_row][vc_row full_width=&#8221;stretch_row_content&#8221;][vc_column][vc_empty_space height=&#8221;20px&#8221;][vc_column_text]\n<h2 style=\"text-align: center;\">Kassenpr\u00fcfer<\/h2>\n[\/vc_column_text][\/vc_column][\/vc_row][vc_row full_width=&#8221;stretch_row_content&#8221;][vc_column width=&#8221;1\/2&#8243; offset=&#8221;vc_col-xs-6&#8243;][vc_column_text]\n<p style=\"text-align: right;\">&#8211;<\/p>\n<p style=\"text-align: right;\">&#8211;<\/p>\n<p style=\"text-align: right;\">2. Kassierer:<\/p>\n[\/vc_column_text][\/vc_column][vc_column width=&#8221;1\/2&#8243; offset=&#8221;vc_col-xs-6&#8243;][vc_column_text]\n<p style=\"text-align: left;\"><strong>Andrea Fischer<\/strong><\/p>\n<p style=\"text-align: left;\"><strong>Simon Sch\u00e4berle<\/strong><\/p>\n<p style=\"text-align: left;\"><strong>Thomas Heusel<\/strong><\/p>\n[\/vc_column_text][\/vc_column][\/vc_row]\n<\/div>","protected":false},"excerpt":{"rendered":"<p>[vc_row full_width=&#8221;stretch_row_content&#8221;][vc_column][vc_column_text] Vorstand [\/vc_column_text][\/vc_column][\/vc_row][vc_row full_width=&#8221;stretch_row_content&#8221;][vc_column width=&#8221;1\/2&#8243; offset=&#8221;vc_col-xs-6&#8243;][vc_column_text] 1. Vorsitzender: 2. Vorsitzender: 1. Kassierer: Schriftf\u00fchrer: [\/vc_column_text][\/vc_column][vc_column width=&#8221;1\/2&#8243; offset=&#8221;vc_col-xs-6&#8243;][vc_column_text] Bernd F\u00f6ll Charlotte Fisch Uwe F\u00f6ll Thomas G\u00fcttler [\/vc_column_text][\/vc_column][\/vc_row][vc_row full_width=&#8221;stretch_row_content&#8221;][vc_column][vc_empty_space height=&#8221;20px&#8221;][vc_column_text] Beisitzer [\/vc_column_text][\/vc_column][\/vc_row][vc_row full_width=&#8221;stretch_row_content&#8221;][vc_column width=&#8221;1\/2&#8243; offset=&#8221;vc_col-xs-6&#8243;][vc_column_text] Aktiv: &nbsp; &nbsp; &nbsp; F\u00f6rdernd: [\/vc_column_text][\/vc_column][vc_column width=&#8221;1\/2&#8243; offset=&#8221;vc_col-xs-6&#8243;][vc_column_text css=&#8221;&#8221;] Wolfgang Veit Jochen F\u00f6ll Manuel Walker &nbsp; Gerd[&#8230;]<\/p>\n","protected":false},"author":1,"featured_media":0,"parent":0,"menu_order":0,"comment_status":"closed","ping_status":"closed","template":"","meta":{"footnotes":""},"class_list":["post-158","page","type-page","status-publish","hentry"],"_links":{"self":[{"href":"https:\/\/musikverein-gomaringen.de\/home\/wp-json\/wp\/v2\/pages\/158","targetHints":{"allow":["GET"]}}],"collection":[{"href":"https:\/\/musikverein-gomaringen.de\/home\/wp-json\/wp\/v2\/pages"}],"about":[{"href":"https:\/\/musikverein-gomaringen.de\/home\/wp-json\/wp\/v2\/types\/page"}],"author":[{"embeddable":true,"href":"https:\/\/musikverein-gomaringen.de\/home\/wp-json\/wp\/v2\/users\/1"}],"replies":[{"embeddable":true,"href":"https:\/\/musikverein-gomaringen.de\/home\/wp-json\/wp\/v2\/comments?post=158"}],"version-history":[{"count":27,"href":"https:\/\/musikverein-gomaringen.de\/home\/wp-json\/wp\/v2\/pages\/158\/revisions"}],"predecessor-version":[{"id":1535,"href":"https:\/\/musikverein-gomaringen.de\/home\/wp-json\/wp\/v2\/pages\/158\/revisions\/1535"}],"wp:attachment":[{"href":"https:\/\/musikverein-gomaringen.de\/home\/wp-json\/wp\/v2\/media?parent=158"}],"curies":[{"name":"wp","href":"https:\/\/api.w.org\/{rel}","templated":true}]}}