{"id":1501,"date":"2026-01-11T21:19:07","date_gmt":"2026-01-11T20:19:07","guid":{"rendered":"https:\/\/musikverein-gomaringen.de\/home\/?page_id=1501"},"modified":"2026-03-29T14:32:17","modified_gmt":"2026-03-29T12:32:17","slug":"holzfrei-die-blechblaeser","status":"publish","type":"page","link":"https:\/\/musikverein-gomaringen.de\/home\/holzfrei-die-blechblaeser\/","title":{"rendered":"holzFrei &#8211; Die Blechbl\u00e4ser"},"content":{"rendered":"<p><a href=\"https:\/\/musikverein-gomaringen.de\/home\/wp-content\/uploads\/2026\/01\/holzFrei.jpg\" data-rel=\"prettyPhoto[1501]\"><img loading=\"lazy\" decoding=\"async\" class=\"wp-image-1505 aligncenter\" src=\"https:\/\/musikverein-gomaringen.de\/home\/wp-content\/uploads\/2026\/01\/holzFrei.jpg\" alt=\"\" width=\"320\" height=\"320\" srcset=\"https:\/\/musikverein-gomaringen.de\/home\/wp-content\/uploads\/2026\/01\/holzFrei.jpg 872w, https:\/\/musikverein-gomaringen.de\/home\/wp-content\/uploads\/2026\/01\/holzFrei-300x300.jpg 300w, https:\/\/musikverein-gomaringen.de\/home\/wp-content\/uploads\/2026\/01\/holzFrei-150x150.jpg 150w, https:\/\/musikverein-gomaringen.de\/home\/wp-content\/uploads\/2026\/01\/holzFrei-768x768.jpg 768w, https:\/\/musikverein-gomaringen.de\/home\/wp-content\/uploads\/2026\/01\/holzFrei-100x100.jpg 100w, https:\/\/musikverein-gomaringen.de\/home\/wp-content\/uploads\/2026\/01\/holzFrei-700x700.jpg 700w\" sizes=\"auto, (max-width: 320px) 100vw, 320px\" \/><\/a><\/p>\n<p>Die Gruppe <strong>holzFrei<\/strong> ist eine klangstarke Blasmusikformation in klassischer 7er-Besetzung. Sie setzen sich aus sechs Blechbl\u00e4sern und einem Schlagzeuger zusammen und geh\u00f6ren zum Musikverein Gomaringen. Mit gro\u00dfer Spielfreude und musikalischer Pr\u00e4zision pflegen sie die traditionelle Blasmusik \u2013 mit besonderem Fokus auf b\u00f6hmische Kl\u00e4nge.<\/p>\n<p>Ihr vielseitiges Repertoire reicht von gef\u00fchlvollen Walzern \u00fcber schwungvolle Polkas bis hin zu festlichen M\u00e4rschen \u2013 stets mit einem unverwechselbaren Sound, der sowohl traditionsbewusste Blasmusikfreunde als auch ein modernes Publikum begeistert. Dank der kompakten Besetzung k\u00f6nnen die Musiker flexibel und nuanciert auftreten \u2013 ob auf der B\u00fchne, im Bierzelt oder beim Fr\u00fchschoppen.<\/p>\n<p>Mit handgemachter Musik und sp\u00fcrbarer Leidenschaft bringt holzFrei bodenst\u00e4ndige Blasmusik auf hohem Niveau auf die B\u00fchne \u2013 unterhaltsam und authentisch.<\/p>\n<p><a href=\"https:\/\/musikverein-gomaringen.de\/home\/wp-content\/uploads\/2026\/01\/20251212174739_NZF5385-scaled.jpg\" data-rel=\"prettyPhoto[1501]\"><img loading=\"lazy\" decoding=\"async\" class=\"alignnone size-full wp-image-1506\" src=\"https:\/\/musikverein-gomaringen.de\/home\/wp-content\/uploads\/2026\/01\/20251212174739_NZF5385-scaled.jpg\" alt=\"\" width=\"2560\" height=\"1707\" srcset=\"https:\/\/musikverein-gomaringen.de\/home\/wp-content\/uploads\/2026\/01\/20251212174739_NZF5385-scaled.jpg 2560w, https:\/\/musikverein-gomaringen.de\/home\/wp-content\/uploads\/2026\/01\/20251212174739_NZF5385-300x200.jpg 300w, https:\/\/musikverein-gomaringen.de\/home\/wp-content\/uploads\/2026\/01\/20251212174739_NZF5385-1024x683.jpg 1024w, https:\/\/musikverein-gomaringen.de\/home\/wp-content\/uploads\/2026\/01\/20251212174739_NZF5385-768x512.jpg 768w, https:\/\/musikverein-gomaringen.de\/home\/wp-content\/uploads\/2026\/01\/20251212174739_NZF5385-1536x1024.jpg 1536w, https:\/\/musikverein-gomaringen.de\/home\/wp-content\/uploads\/2026\/01\/20251212174739_NZF5385-2048x1366.jpg 2048w, https:\/\/musikverein-gomaringen.de\/home\/wp-content\/uploads\/2026\/01\/20251212174739_NZF5385-700x467.jpg 700w\" sizes=\"auto, (max-width: 2560px) 100vw, 2560px\" \/><\/a><\/p>\n<p><a href=\"https:\/\/musikverein-gomaringen.de\/home\/wp-content\/uploads\/2026\/03\/20251212164210_NZF5146-scaled.jpg\" data-rel=\"prettyPhoto[1501]\"><img loading=\"lazy\" decoding=\"async\" class=\"alignnone size-full wp-image-1525\" src=\"https:\/\/musikverein-gomaringen.de\/home\/wp-content\/uploads\/2026\/03\/20251212164210_NZF5146-scaled.jpg\" alt=\"\" width=\"1707\" height=\"2560\" srcset=\"https:\/\/musikverein-gomaringen.de\/home\/wp-content\/uploads\/2026\/03\/20251212164210_NZF5146-scaled.jpg 1707w, https:\/\/musikverein-gomaringen.de\/home\/wp-content\/uploads\/2026\/03\/20251212164210_NZF5146-200x300.jpg 200w, https:\/\/musikverein-gomaringen.de\/home\/wp-content\/uploads\/2026\/03\/20251212164210_NZF5146-683x1024.jpg 683w, https:\/\/musikverein-gomaringen.de\/home\/wp-content\/uploads\/2026\/03\/20251212164210_NZF5146-768x1152.jpg 768w, https:\/\/musikverein-gomaringen.de\/home\/wp-content\/uploads\/2026\/03\/20251212164210_NZF5146-1024x1536.jpg 1024w, https:\/\/musikverein-gomaringen.de\/home\/wp-content\/uploads\/2026\/03\/20251212164210_NZF5146-1366x2048.jpg 1366w, https:\/\/musikverein-gomaringen.de\/home\/wp-content\/uploads\/2026\/03\/20251212164210_NZF5146-700x1050.jpg 700w\" sizes=\"auto, (max-width: 1707px) 100vw, 1707px\" \/><\/a><\/p>\n<p style=\"text-align: center;\">Achim Thanner<\/p>\n<p><a href=\"https:\/\/musikverein-gomaringen.de\/home\/wp-content\/uploads\/2026\/03\/20251212165234_NZF5223-scaled.jpg\" data-rel=\"prettyPhoto[1501]\"><img loading=\"lazy\" decoding=\"async\" class=\"alignnone size-full wp-image-1528\" src=\"https:\/\/musikverein-gomaringen.de\/home\/wp-content\/uploads\/2026\/03\/20251212165234_NZF5223-scaled.jpg\" alt=\"\" width=\"1707\" height=\"2560\" srcset=\"https:\/\/musikverein-gomaringen.de\/home\/wp-content\/uploads\/2026\/03\/20251212165234_NZF5223-scaled.jpg 1707w, https:\/\/musikverein-gomaringen.de\/home\/wp-content\/uploads\/2026\/03\/20251212165234_NZF5223-200x300.jpg 200w, https:\/\/musikverein-gomaringen.de\/home\/wp-content\/uploads\/2026\/03\/20251212165234_NZF5223-683x1024.jpg 683w, https:\/\/musikverein-gomaringen.de\/home\/wp-content\/uploads\/2026\/03\/20251212165234_NZF5223-768x1152.jpg 768w, https:\/\/musikverein-gomaringen.de\/home\/wp-content\/uploads\/2026\/03\/20251212165234_NZF5223-1024x1536.jpg 1024w, https:\/\/musikverein-gomaringen.de\/home\/wp-content\/uploads\/2026\/03\/20251212165234_NZF5223-1366x2048.jpg 1366w, https:\/\/musikverein-gomaringen.de\/home\/wp-content\/uploads\/2026\/03\/20251212165234_NZF5223-700x1050.jpg 700w\" sizes=\"auto, (max-width: 1707px) 100vw, 1707px\" \/><\/a><\/p>\n<p style=\"text-align: center;\">Jochen F\u00f6ll<\/p>\n<p><a href=\"https:\/\/musikverein-gomaringen.de\/home\/wp-content\/uploads\/2026\/03\/20251212165211_NZF5216-scaled.jpg\" data-rel=\"prettyPhoto[1501]\"><img loading=\"lazy\" decoding=\"async\" class=\"alignnone size-full wp-image-1527\" src=\"https:\/\/musikverein-gomaringen.de\/home\/wp-content\/uploads\/2026\/03\/20251212165211_NZF5216-scaled.jpg\" alt=\"\" width=\"1707\" height=\"2560\" srcset=\"https:\/\/musikverein-gomaringen.de\/home\/wp-content\/uploads\/2026\/03\/20251212165211_NZF5216-scaled.jpg 1707w, https:\/\/musikverein-gomaringen.de\/home\/wp-content\/uploads\/2026\/03\/20251212165211_NZF5216-200x300.jpg 200w, https:\/\/musikverein-gomaringen.de\/home\/wp-content\/uploads\/2026\/03\/20251212165211_NZF5216-683x1024.jpg 683w, https:\/\/musikverein-gomaringen.de\/home\/wp-content\/uploads\/2026\/03\/20251212165211_NZF5216-768x1152.jpg 768w, https:\/\/musikverein-gomaringen.de\/home\/wp-content\/uploads\/2026\/03\/20251212165211_NZF5216-1024x1536.jpg 1024w, https:\/\/musikverein-gomaringen.de\/home\/wp-content\/uploads\/2026\/03\/20251212165211_NZF5216-1366x2048.jpg 1366w, https:\/\/musikverein-gomaringen.de\/home\/wp-content\/uploads\/2026\/03\/20251212165211_NZF5216-700x1050.jpg 700w\" sizes=\"auto, (max-width: 1707px) 100vw, 1707px\" \/><\/a><\/p>\n<p style=\"text-align: center;\">Matthias L\u00f6ffler<\/p>\n<p><a href=\"https:\/\/musikverein-gomaringen.de\/home\/wp-content\/uploads\/2026\/03\/20251212164147_NZF5140-scaled.jpg\" data-rel=\"prettyPhoto[1501]\"><img loading=\"lazy\" decoding=\"async\" class=\"alignnone size-full wp-image-1524\" src=\"https:\/\/musikverein-gomaringen.de\/home\/wp-content\/uploads\/2026\/03\/20251212164147_NZF5140-scaled.jpg\" alt=\"\" width=\"1707\" height=\"2560\" srcset=\"https:\/\/musikverein-gomaringen.de\/home\/wp-content\/uploads\/2026\/03\/20251212164147_NZF5140-scaled.jpg 1707w, https:\/\/musikverein-gomaringen.de\/home\/wp-content\/uploads\/2026\/03\/20251212164147_NZF5140-200x300.jpg 200w, https:\/\/musikverein-gomaringen.de\/home\/wp-content\/uploads\/2026\/03\/20251212164147_NZF5140-683x1024.jpg 683w, https:\/\/musikverein-gomaringen.de\/home\/wp-content\/uploads\/2026\/03\/20251212164147_NZF5140-768x1152.jpg 768w, https:\/\/musikverein-gomaringen.de\/home\/wp-content\/uploads\/2026\/03\/20251212164147_NZF5140-1024x1536.jpg 1024w, https:\/\/musikverein-gomaringen.de\/home\/wp-content\/uploads\/2026\/03\/20251212164147_NZF5140-1366x2048.jpg 1366w, https:\/\/musikverein-gomaringen.de\/home\/wp-content\/uploads\/2026\/03\/20251212164147_NZF5140-700x1050.jpg 700w\" sizes=\"auto, (max-width: 1707px) 100vw, 1707px\" \/><\/a><\/p>\n<p style=\"text-align: center;\">Karl Sch\u00e4fer<\/p>\n<p><a href=\"https:\/\/musikverein-gomaringen.de\/home\/wp-content\/uploads\/2026\/03\/20251212164123_NZF5137-scaled.jpg\" data-rel=\"prettyPhoto[1501]\"><img loading=\"lazy\" decoding=\"async\" class=\"alignnone size-full wp-image-1523\" src=\"https:\/\/musikverein-gomaringen.de\/home\/wp-content\/uploads\/2026\/03\/20251212164123_NZF5137-scaled.jpg\" alt=\"\" width=\"1707\" height=\"2560\" srcset=\"https:\/\/musikverein-gomaringen.de\/home\/wp-content\/uploads\/2026\/03\/20251212164123_NZF5137-scaled.jpg 1707w, https:\/\/musikverein-gomaringen.de\/home\/wp-content\/uploads\/2026\/03\/20251212164123_NZF5137-200x300.jpg 200w, https:\/\/musikverein-gomaringen.de\/home\/wp-content\/uploads\/2026\/03\/20251212164123_NZF5137-683x1024.jpg 683w, https:\/\/musikverein-gomaringen.de\/home\/wp-content\/uploads\/2026\/03\/20251212164123_NZF5137-768x1152.jpg 768w, https:\/\/musikverein-gomaringen.de\/home\/wp-content\/uploads\/2026\/03\/20251212164123_NZF5137-1024x1536.jpg 1024w, https:\/\/musikverein-gomaringen.de\/home\/wp-content\/uploads\/2026\/03\/20251212164123_NZF5137-1366x2048.jpg 1366w, https:\/\/musikverein-gomaringen.de\/home\/wp-content\/uploads\/2026\/03\/20251212164123_NZF5137-700x1050.jpg 700w\" sizes=\"auto, (max-width: 1707px) 100vw, 1707px\" \/><\/a><\/p>\n<p style=\"text-align: center;\">Alfred Blech<\/p>\n<p><a href=\"https:\/\/musikverein-gomaringen.de\/home\/wp-content\/uploads\/2026\/03\/20251212163512_NZF5131-scaled.jpg\" data-rel=\"prettyPhoto[1501]\"><img loading=\"lazy\" decoding=\"async\" class=\"alignnone size-full wp-image-1522\" src=\"https:\/\/musikverein-gomaringen.de\/home\/wp-content\/uploads\/2026\/03\/20251212163512_NZF5131-scaled.jpg\" alt=\"\" width=\"1707\" height=\"2560\" srcset=\"https:\/\/musikverein-gomaringen.de\/home\/wp-content\/uploads\/2026\/03\/20251212163512_NZF5131-scaled.jpg 1707w, https:\/\/musikverein-gomaringen.de\/home\/wp-content\/uploads\/2026\/03\/20251212163512_NZF5131-200x300.jpg 200w, https:\/\/musikverein-gomaringen.de\/home\/wp-content\/uploads\/2026\/03\/20251212163512_NZF5131-683x1024.jpg 683w, https:\/\/musikverein-gomaringen.de\/home\/wp-content\/uploads\/2026\/03\/20251212163512_NZF5131-768x1152.jpg 768w, https:\/\/musikverein-gomaringen.de\/home\/wp-content\/uploads\/2026\/03\/20251212163512_NZF5131-1024x1536.jpg 1024w, https:\/\/musikverein-gomaringen.de\/home\/wp-content\/uploads\/2026\/03\/20251212163512_NZF5131-1366x2048.jpg 1366w, https:\/\/musikverein-gomaringen.de\/home\/wp-content\/uploads\/2026\/03\/20251212163512_NZF5131-700x1050.jpg 700w\" sizes=\"auto, (max-width: 1707px) 100vw, 1707px\" \/><\/a><\/p>\n<p style=\"text-align: center;\">Jakob Erchinger<\/p>\n<p><a href=\"https:\/\/musikverein-gomaringen.de\/home\/wp-content\/uploads\/2026\/03\/20251212164252_NZF5167-scaled.jpg\" data-rel=\"prettyPhoto[1501]\"><img loading=\"lazy\" decoding=\"async\" class=\"alignnone size-full wp-image-1526\" src=\"https:\/\/musikverein-gomaringen.de\/home\/wp-content\/uploads\/2026\/03\/20251212164252_NZF5167-scaled.jpg\" alt=\"\" width=\"1707\" height=\"2560\" srcset=\"https:\/\/musikverein-gomaringen.de\/home\/wp-content\/uploads\/2026\/03\/20251212164252_NZF5167-scaled.jpg 1707w, https:\/\/musikverein-gomaringen.de\/home\/wp-content\/uploads\/2026\/03\/20251212164252_NZF5167-200x300.jpg 200w, https:\/\/musikverein-gomaringen.de\/home\/wp-content\/uploads\/2026\/03\/20251212164252_NZF5167-683x1024.jpg 683w, https:\/\/musikverein-gomaringen.de\/home\/wp-content\/uploads\/2026\/03\/20251212164252_NZF5167-768x1152.jpg 768w, https:\/\/musikverein-gomaringen.de\/home\/wp-content\/uploads\/2026\/03\/20251212164252_NZF5167-1024x1536.jpg 1024w, https:\/\/musikverein-gomaringen.de\/home\/wp-content\/uploads\/2026\/03\/20251212164252_NZF5167-1366x2048.jpg 1366w, https:\/\/musikverein-gomaringen.de\/home\/wp-content\/uploads\/2026\/03\/20251212164252_NZF5167-700x1050.jpg 700w\" sizes=\"auto, (max-width: 1707px) 100vw, 1707px\" \/><\/a><\/p>\n<p style=\"text-align: center;\">Bernd F\u00f6ll<\/p>\n","protected":false},"excerpt":{"rendered":"<p>Die Gruppe holzFrei ist eine klangstarke Blasmusikformation in klassischer 7er-Besetzung. Sie setzen sich aus sechs Blechbl\u00e4sern und einem Schlagzeuger zusammen und geh\u00f6ren zum Musikverein Gomaringen. Mit gro\u00dfer Spielfreude und musikalischer Pr\u00e4zision pflegen sie die traditionelle Blasmusik \u2013 mit besonderem Fokus auf b\u00f6hmische Kl\u00e4nge. Ihr vielseitiges Repertoire reicht von gef\u00fchlvollen Walzern[&#8230;]<\/p>\n","protected":false},"author":1,"featured_media":0,"parent":0,"menu_order":0,"comment_status":"closed","ping_status":"closed","template":"","meta":{"footnotes":""},"class_list":["post-1501","page","type-page","status-publish","hentry"],"_links":{"self":[{"href":"https:\/\/musikverein-gomaringen.de\/home\/wp-json\/wp\/v2\/pages\/1501","targetHints":{"allow":["GET"]}}],"collection":[{"href":"https:\/\/musikverein-gomaringen.de\/home\/wp-json\/wp\/v2\/pages"}],"about":[{"href":"https:\/\/musikverein-gomaringen.de\/home\/wp-json\/wp\/v2\/types\/page"}],"author":[{"embeddable":true,"href":"https:\/\/musikverein-gomaringen.de\/home\/wp-json\/wp\/v2\/users\/1"}],"replies":[{"embeddable":true,"href":"https:\/\/musikverein-gomaringen.de\/home\/wp-json\/wp\/v2\/comments?post=1501"}],"version-history":[{"count":4,"href":"https:\/\/musikverein-gomaringen.de\/home\/wp-json\/wp\/v2\/pages\/1501\/revisions"}],"predecessor-version":[{"id":1529,"href":"https:\/\/musikverein-gomaringen.de\/home\/wp-json\/wp\/v2\/pages\/1501\/revisions\/1529"}],"wp:attachment":[{"href":"https:\/\/musikverein-gomaringen.de\/home\/wp-json\/wp\/v2\/media?parent=1501"}],"curies":[{"name":"wp","href":"https:\/\/api.w.org\/{rel}","templated":true}]}}