{"id":107,"date":"2015-10-27T11:48:44","date_gmt":"2015-10-27T10:48:44","guid":{"rendered":"http:\/\/musikverein-gomaringen.de\/home\/?page_id=107"},"modified":"2025-09-08T19:48:18","modified_gmt":"2025-09-08T17:48:18","slug":"swing-pop-concert-band","status":"publish","type":"page","link":"https:\/\/musikverein-gomaringen.de\/home\/swing-pop-concert-band\/","title":{"rendered":"Pop &#038; Swing Concert Band Gomaringen"},"content":{"rendered":"<div class=\"wpb-content-wrapper\">[vc_row full_width=&#8221;stretch_row_content&#8221;][vc_column width=&#8221;1\/4&#8243;][vc_column_text]\n[\/vc_column_text][\/vc_column][vc_column width=&#8221;1\/2&#8243;][vc_single_image image=&#8221;353&#8243; img_size=&#8221;full&#8221;][vc_column_text css=&#8221;&#8221;]Die Pop- und Swing Concert Band Gomaringen vereint Blech- und Holzbl\u00e4ser, eine vielseitige Rhythmusgruppe (Drumset, Percussion, Klavier, Gitarre, Bassgitarre), Solo-Gesang und einen Backgroundchor zu einer einzigartigen musikalischen Darbietung.<\/p>\n<p>Im Zentrum steht eine klassische Bigband-Besetzung, die mit ihrer markanten rhythmischen Energie den Grundton der Musik setzt. Die Erg\u00e4nzung weiterer Blasinstrumente sorgt f\u00fcr ein reichhaltigeres Klangbild, das die Vielseitigkeit der Band unterstreicht.<\/p>\n<p>Unsere Konzerte zeichnen sich durch den Charakter eines Unterhaltungsabends aus, bei dem neben der Musik auch die moderativen Elemente nicht zu kurz kommen. Mit unterhaltsamer Moderation und abwechslungsreichen Themen schaffen wir eine lockere Atmosph\u00e4re, die das Publikum einbindet und begeistert.<\/p>\n<p>In 2-3 Konzerten j\u00e4hrlich pr\u00e4sentieren wir ein vielf\u00e4ltiges Repertoire, das neben Swing, Pop, Rock, Balladen, Jazz-Pop, Latin und Jazz-Standards immer wieder neue musikalische Highlights bietet.[\/vc_column_text][\/vc_column][vc_column width=&#8221;1\/4&#8243;][vc_column_text]\n[\/vc_column_text][\/vc_column][\/vc_row]\n<\/div>","protected":false},"excerpt":{"rendered":"<p>[vc_row full_width=&#8221;stretch_row_content&#8221;][vc_column width=&#8221;1\/4&#8243;][vc_column_text] [\/vc_column_text][\/vc_column][vc_column width=&#8221;1\/2&#8243;][vc_single_image image=&#8221;353&#8243; img_size=&#8221;full&#8221;][vc_column_text css=&#8221;&#8221;]Die Pop- und Swing Concert Band Gomaringen vereint Blech- und Holzbl\u00e4ser, eine vielseitige Rhythmusgruppe (Drumset, Percussion, Klavier, Gitarre, Bassgitarre), Solo-Gesang und einen Backgroundchor zu einer einzigartigen musikalischen Darbietung. Im Zentrum steht eine klassische Bigband-Besetzung, die mit ihrer markanten rhythmischen Energie den Grundton der[&#8230;]<\/p>\n","protected":false},"author":1,"featured_media":0,"parent":0,"menu_order":0,"comment_status":"closed","ping_status":"closed","template":"","meta":{"footnotes":""},"class_list":["post-107","page","type-page","status-publish","hentry"],"_links":{"self":[{"href":"https:\/\/musikverein-gomaringen.de\/home\/wp-json\/wp\/v2\/pages\/107","targetHints":{"allow":["GET"]}}],"collection":[{"href":"https:\/\/musikverein-gomaringen.de\/home\/wp-json\/wp\/v2\/pages"}],"about":[{"href":"https:\/\/musikverein-gomaringen.de\/home\/wp-json\/wp\/v2\/types\/page"}],"author":[{"embeddable":true,"href":"https:\/\/musikverein-gomaringen.de\/home\/wp-json\/wp\/v2\/users\/1"}],"replies":[{"embeddable":true,"href":"https:\/\/musikverein-gomaringen.de\/home\/wp-json\/wp\/v2\/comments?post=107"}],"version-history":[{"count":11,"href":"https:\/\/musikverein-gomaringen.de\/home\/wp-json\/wp\/v2\/pages\/107\/revisions"}],"predecessor-version":[{"id":1448,"href":"https:\/\/musikverein-gomaringen.de\/home\/wp-json\/wp\/v2\/pages\/107\/revisions\/1448"}],"wp:attachment":[{"href":"https:\/\/musikverein-gomaringen.de\/home\/wp-json\/wp\/v2\/media?parent=107"}],"curies":[{"name":"wp","href":"https:\/\/api.w.org\/{rel}","templated":true}]}}